{"id":110,"date":"2010-08-07T14:02:49","date_gmt":"2010-08-07T12:02:49","guid":{"rendered":"http:\/\/www.ferienwohnungaalen.de\/?page_id=110"},"modified":"2010-08-07T22:30:46","modified_gmt":"2010-08-07T20:30:46","slug":"impressum","status":"publish","type":"page","link":"http:\/\/www.ferienwohnungaalen.de\/?page_id=110","title":{"rendered":"Impressum"},"content":{"rendered":"<div id=\"maincontent\">\n<p>Ferienwohnung Mei\u00df<br \/>\nMaria Mei\u00df<\/p>\n<p>Steig\u00e4ckerstr. 36<br \/>\n73433 Aalen<\/p>\n<p>Tel.: +49 7361\/71412<\/p>\n<p>e-mail: <a href=\"javascript:secureDecryptAndNavigate('hPyVBHAjz6BwSbJIjJxrowW56WBlMT+4kzOgENeWMTx9J+tvdi6sjNFDNACxp1qJDQp2gI87J4+hF1aCJ\/jDENEV0eVoES9bwl4uTfPUwCFhoZ4t', 'ee547ba6e055e9809468ed9e27a1126237b8767980d595b5fd53da0e369fb6cf')\">anfrage [at] ferienwohnungaalen [dot] de<\/a><\/p>\n<p><strong>Urheberrechte<\/strong><\/p>\n<p>Alle auf dieser Homepage befindlichen Quelltexte, Fotos, Karten,  Logos, Abbildungen oder Illustrationen sind urheberrechtlich gesch\u00fctzt.  Eine Verwendung auf anderen Seiten oder Publikationen ist ohne unsere  schriftliche Zustimmung nicht erlaubt.<\/p>\n<p><strong>Haftungsausschluss<\/strong><\/p>\n<p>Die Inhalte wurden gewissenhaft recherchiert. Trotzdem kann keine  Gew\u00e4hr f\u00fcr die Vollst\u00e4ndigkeit, Richtigkeit und Aktualit\u00e4t der Inhalte  \u00fcbernommen werden. Eine Haftung, insbesondere f\u00fcr eventuelle Sch\u00e4den  oder Konsequenzen, die aus der Nutzung des Angebotes entstehen, ist  ausgeschlossen. Trotz sorgf\u00e4ltiger inhaltlicher Kontrolle \u00fcbernehmen wir  keine Haftung f\u00fcr die Inhalte externer Links. F\u00fcr den Inhalt der  verlinkten Seiten sind ausschlie\u00dflich deren Betreiber verantwortlich.<\/p>\n<p><strong>Datenschutz<\/strong><\/p>\n<p>Wir beachten die Bestimmungen des Bundesdatenschutz-Gesetztes. Ihre  Daten, die Sie uns \u00fcber die Website oder per E-Mail zusenden, werden  nicht an Dritte weitergeleitet und nur f\u00fcr den vorgesehenen Zweck  verwendet. Sie k\u00f6nnen jederzeit Ihre personenbezogenen Daten l\u00f6schen  lassen.<\/p>\n<p>Daten aus Anfragen, die nicht zu einer Buchung f\u00fchren, werden von uns nach einer bestimmten Zeit automatisch gel\u00f6scht.<\/p>\n<\/div>\n","protected":false},"excerpt":{"rendered":"<p>Ferienwohnung Mei\u00df Maria Mei\u00df Steig\u00e4ckerstr. 36 73433 Aalen Tel.: +49 7361\/71412 e-mail: anfrage [at] ferienwohnungaalen [dot] de Urheberrechte Alle auf dieser Homepage befindlichen Quelltexte, Fotos, Karten, Logos, Abbildungen oder Illustrationen sind urheberrechtlich gesch\u00fctzt. Eine Verwendung auf anderen Seiten oder Publikationen ist ohne unsere schriftliche Zustimmung nicht erlaubt. Haftungsausschluss Die Inhalte &#8230;<\/p>\n","protected":false},"author":2,"featured_media":0,"parent":0,"menu_order":99,"comment_status":"closed","ping_status":"closed","template":"","meta":{"footnotes":""},"class_list":["post-110","page","type-page","status-publish","hentry","column","twocol"],"_links":{"self":[{"href":"http:\/\/www.ferienwohnungaalen.de\/index.php?rest_route=\/wp\/v2\/pages\/110","targetHints":{"allow":["GET"]}}],"collection":[{"href":"http:\/\/www.ferienwohnungaalen.de\/index.php?rest_route=\/wp\/v2\/pages"}],"about":[{"href":"http:\/\/www.ferienwohnungaalen.de\/index.php?rest_route=\/wp\/v2\/types\/page"}],"author":[{"embeddable":true,"href":"http:\/\/www.ferienwohnungaalen.de\/index.php?rest_route=\/wp\/v2\/users\/2"}],"replies":[{"embeddable":true,"href":"http:\/\/www.ferienwohnungaalen.de\/index.php?rest_route=%2Fwp%2Fv2%2Fcomments&post=110"}],"version-history":[{"count":0,"href":"http:\/\/www.ferienwohnungaalen.de\/index.php?rest_route=\/wp\/v2\/pages\/110\/revisions"}],"wp:attachment":[{"href":"http:\/\/www.ferienwohnungaalen.de\/index.php?rest_route=%2Fwp%2Fv2%2Fmedia&parent=110"}],"curies":[{"name":"wp","href":"https:\/\/api.w.org\/{rel}","templated":true}]}}