{"id":2,"date":"2010-07-24T12:41:19","date_gmt":"2010-07-24T12:41:19","guid":{"rendered":"http:\/\/www.ferienwohnungaalen.de\/?page_id=2"},"modified":"2021-04-28T09:34:51","modified_gmt":"2021-04-28T07:34:51","slug":"about","status":"publish","type":"page","link":"http:\/\/www.ferienwohnungaalen.de\/","title":{"rendered":"Willkommen"},"content":{"rendered":"<p>Liebe Ferieng\u00e4ste,<\/p>\n<p>herzlich willkommen in unserer neu f\u00fcr Sie eingerichteten Ferienwohnung in Aalen-Wasseralfingen. Es steht Ihnen eine 2-Zimmer-Wohnung mit 70 m\u00b2, eigenem Eingang \u00fcber eine sch\u00f6ne Sonnenterrasse und einem PKW-Stellplatz nach Absprache zur Verf\u00fcgung.<\/p>\n<p><a href=\"http:\/\/www.ferienwohnungaalen.de\/wp-content\/uploads\/2015\/07\/Haus12-007.jpg\"><img loading=\"lazy\" decoding=\"async\" class=\"aligncenter wp-image-225 size-medium\" title=\"Ferienwohnung Aalen Mei\u00df\" src=\"http:\/\/www.ferienwohnungaalen.de\/wp-content\/uploads\/2015\/07\/Haus12-007-300x225.jpg\" alt=\"\" width=\"300\" height=\"225\" srcset=\"http:\/\/www.ferienwohnungaalen.de\/wp-content\/uploads\/2015\/07\/Haus12-007-300x225.jpg 300w, http:\/\/www.ferienwohnungaalen.de\/wp-content\/uploads\/2015\/07\/Haus12-007-1024x768.jpg 1024w, http:\/\/www.ferienwohnungaalen.de\/wp-content\/uploads\/2015\/07\/Haus12-007-150x113.jpg 150w, http:\/\/www.ferienwohnungaalen.de\/wp-content\/uploads\/2015\/07\/Haus12-007-400x300.jpg 400w\" sizes=\"auto, (max-width: 300px) 100vw, 300px\" \/><\/a><\/p>\n<p>Da es sich um eine <strong>Nichtraucherwohnung <\/strong>handelt, bitten wir alle unsere rauchenden G\u00e4ste, dies auf der kleinen Terrasse zu tun. Hier haben wir auch einen Aschenbecher f\u00fcr Sie bereit gestellt.<\/p>\n<p><span style=\"font-family: 'Open Sans', sans-serif; font-size: 15px; font-style: normal; font-variant-ligatures: normal; font-variant-caps: normal; font-weight: 400;\">Wir m\u00f6chten, dass Sie sich bei uns wohlf\u00fchlen. Gerne stehen wir Ihnen f\u00fcr alle Fragen auch telefonisch zur Verf\u00fcgung.<\/span><\/p>\n<p>Leider k\u00f6nnen wir <strong>keine Haustiere<\/strong> erlauben.<\/p>\n<p><strong>Kontakt <\/strong>k\u00f6nnen Sie <a href=\"http:\/\/www.ferienwohnungaalen.de\/?page_id=10\">hier<\/a> mit uns aufnehmen.<\/p>\n<p>Ihre Familie Mei\u00df<\/p>\n","protected":false},"excerpt":{"rendered":"<p>Liebe Ferieng\u00e4ste, herzlich willkommen in unserer neu f\u00fcr Sie eingerichteten Ferienwohnung in Aalen-Wasseralfingen. Es steht Ihnen eine 2-Zimmer-Wohnung mit 70 m\u00b2, eigenem Eingang \u00fcber eine sch\u00f6ne Sonnenterrasse und einem PKW-Stellplatz nach Absprache zur Verf\u00fcgung. Da es sich um eine Nichtraucherwohnung handelt, bitten wir alle unsere rauchenden G\u00e4ste, dies auf der &#8230;<\/p>\n","protected":false},"author":2,"featured_media":0,"parent":0,"menu_order":0,"comment_status":"open","ping_status":"open","template":"","meta":{"footnotes":""},"class_list":["post-2","page","type-page","status-publish","hentry","column","twocol"],"_links":{"self":[{"href":"http:\/\/www.ferienwohnungaalen.de\/index.php?rest_route=\/wp\/v2\/pages\/2","targetHints":{"allow":["GET"]}}],"collection":[{"href":"http:\/\/www.ferienwohnungaalen.de\/index.php?rest_route=\/wp\/v2\/pages"}],"about":[{"href":"http:\/\/www.ferienwohnungaalen.de\/index.php?rest_route=\/wp\/v2\/types\/page"}],"author":[{"embeddable":true,"href":"http:\/\/www.ferienwohnungaalen.de\/index.php?rest_route=\/wp\/v2\/users\/2"}],"replies":[{"embeddable":true,"href":"http:\/\/www.ferienwohnungaalen.de\/index.php?rest_route=%2Fwp%2Fv2%2Fcomments&post=2"}],"version-history":[{"count":3,"href":"http:\/\/www.ferienwohnungaalen.de\/index.php?rest_route=\/wp\/v2\/pages\/2\/revisions"}],"predecessor-version":[{"id":287,"href":"http:\/\/www.ferienwohnungaalen.de\/index.php?rest_route=\/wp\/v2\/pages\/2\/revisions\/287"}],"wp:attachment":[{"href":"http:\/\/www.ferienwohnungaalen.de\/index.php?rest_route=%2Fwp%2Fv2%2Fmedia&parent=2"}],"curies":[{"name":"wp","href":"https:\/\/api.w.org\/{rel}","templated":true}]}}