{"id":27,"date":"2010-08-05T10:26:45","date_gmt":"2010-08-05T08:26:45","guid":{"rendered":"http:\/\/www.ferienwohnungaalen.de\/?page_id=27"},"modified":"2020-03-03T10:40:08","modified_gmt":"2020-03-03T08:40:08","slug":"unser-service-fur-sie","status":"publish","type":"page","link":"http:\/\/www.ferienwohnungaalen.de\/?page_id=27","title":{"rendered":"Service"},"content":{"rendered":"<p>Nachfolgende Leistungen sind f\u00fcr Sie inklusive:<\/p>\n<ul>\n<li>Bettw\u00e4sche (Wechsel\u00a0 alle 14 Tage)<\/li>\n<li>2 Handt\u00fccher pro Gast\u00a0 (1 gro\u00dfes Badetuch, 1 kleines Handtuch) (Wechsel w\u00f6chentlich)<\/li>\n<li>1 Sp\u00fcllappen und 1 Abtrockentuch (Wechsel w\u00f6chentlich)<\/li>\n<li>Babybett f\u00fcr unsere kleinen G\u00e4ste bei Bedarf<\/li>\n<li>Telefonanschluss ins deutsche Festnetz<\/li>\n<li>Internet per WLAN ( gegen Geb\u00fchr )<\/li>\n<li>Fernseher mit Satellitenanschluss<\/li>\n<li>Strom, Wasser, Heizung<\/li>\n<li>M\u00fcllentsorgung (w\u00f6chentlich)<\/li>\n<li>Endreinigung bei normaler Verschmutzung<\/li>\n<li>Waschmaschinenbenutzung (gegen Geb\u00fchr)<\/li>\n<\/ul>\n<p>ACHTUNG: Bei Anmietung ab 4 Monaten gelten diese Regelungen nicht. Bitte fragen Sie in diesem Fall individuell an.<\/p>\n","protected":false},"excerpt":{"rendered":"<p>Nachfolgende Leistungen sind f\u00fcr Sie inklusive: Bettw\u00e4sche (Wechsel\u00a0 alle 14 Tage) 2 Handt\u00fccher pro Gast\u00a0 (1 gro\u00dfes Badetuch, 1 kleines Handtuch) (Wechsel w\u00f6chentlich) 1 Sp\u00fcllappen und 1 Abtrockentuch (Wechsel w\u00f6chentlich) Babybett f\u00fcr unsere kleinen G\u00e4ste bei Bedarf Telefonanschluss ins deutsche Festnetz Internet per WLAN ( gegen Geb\u00fchr ) Fernseher mit &#8230;<\/p>\n","protected":false},"author":3,"featured_media":0,"parent":0,"menu_order":0,"comment_status":"closed","ping_status":"closed","template":"","meta":{"footnotes":""},"class_list":["post-27","page","type-page","status-publish","hentry","column","twocol"],"_links":{"self":[{"href":"http:\/\/www.ferienwohnungaalen.de\/index.php?rest_route=\/wp\/v2\/pages\/27","targetHints":{"allow":["GET"]}}],"collection":[{"href":"http:\/\/www.ferienwohnungaalen.de\/index.php?rest_route=\/wp\/v2\/pages"}],"about":[{"href":"http:\/\/www.ferienwohnungaalen.de\/index.php?rest_route=\/wp\/v2\/types\/page"}],"author":[{"embeddable":true,"href":"http:\/\/www.ferienwohnungaalen.de\/index.php?rest_route=\/wp\/v2\/users\/3"}],"replies":[{"embeddable":true,"href":"http:\/\/www.ferienwohnungaalen.de\/index.php?rest_route=%2Fwp%2Fv2%2Fcomments&post=27"}],"version-history":[{"count":3,"href":"http:\/\/www.ferienwohnungaalen.de\/index.php?rest_route=\/wp\/v2\/pages\/27\/revisions"}],"predecessor-version":[{"id":284,"href":"http:\/\/www.ferienwohnungaalen.de\/index.php?rest_route=\/wp\/v2\/pages\/27\/revisions\/284"}],"wp:attachment":[{"href":"http:\/\/www.ferienwohnungaalen.de\/index.php?rest_route=%2Fwp%2Fv2%2Fmedia&parent=27"}],"curies":[{"name":"wp","href":"https:\/\/api.w.org\/{rel}","templated":true}]}}