{"id":39,"date":"2010-08-05T13:24:43","date_gmt":"2010-08-05T11:24:43","guid":{"rendered":"http:\/\/www.ferienwohnungaalen.de\/?page_id=39"},"modified":"2025-12-17T17:28:38","modified_gmt":"2025-12-17T15:28:38","slug":"preise","status":"publish","type":"page","link":"http:\/\/www.ferienwohnungaalen.de\/?page_id=39","title":{"rendered":"Preise"},"content":{"rendered":"<h1 class=\"western\">Preise<\/h1>\n<table border=\"1\" width=\"100%\" cellspacing=\"0\" cellpadding=\"4\">\n<tbody>\n<tr valign=\"TOP\">\n<td width=\"21%\"><\/td>\n<td width=\"20%\">\n<p align=\"CENTER\"><strong>1 Person<\/strong><\/p>\n<\/td>\n<td width=\"20%\">\n<p align=\"CENTER\"><strong>2 Personen<\/strong><\/p>\n<\/td>\n<td width=\"20%\">\n<p align=\"CENTER\"><strong>3 Personen<\/strong><\/p>\n<\/td>\n<td width=\"20%\">\n<p align=\"CENTER\"><strong>4 Personen<\/strong><\/p>\n<\/td>\n<\/tr>\n<tr valign=\"TOP\">\n<td width=\"21%\">Bis 4 \u00dcbernachtungen<\/td>\n<td width=\"20%\">\u00a050,00 \u20ac<\/td>\n<td width=\"20%\">70,00 \u20ac<\/td>\n<td width=\"20%\">90,00 \u20ac<\/td>\n<td width=\"20%\">\u00a0110,00 \u20ac<\/td>\n<\/tr>\n<tr valign=\"TOP\">\n<td width=\"21%\">Ab 5 \u00dcbernachtungen<\/td>\n<td width=\"20%\">45,00 \u20ac<\/td>\n<td width=\"20%\">64,00 \u20ac<\/td>\n<td width=\"20%\">83,00 \u20ac<\/td>\n<td width=\"20%\">102,00 \u20ac<\/td>\n<\/tr>\n<tr valign=\"TOP\">\n<td width=\"21%\"><\/td>\n<td width=\"20%\"><\/td>\n<td width=\"20%\"><\/td>\n<td width=\"20%\"><\/td>\n<td width=\"20%\"><\/td>\n<\/tr>\n<tr valign=\"TOP\">\n<td style=\"text-align: left;\" width=\"21%\">Endreinigung: 25,00 \u20ac<\/td>\n<td width=\"20%\"><\/td>\n<td width=\"20%\"><\/td>\n<td width=\"20%\"><\/td>\n<td width=\"20%\"><\/td>\n<\/tr>\n<tr valign=\"TOP\">\n<td width=\"21%\"><\/td>\n<td width=\"20%\"><\/td>\n<td width=\"20%\"><\/td>\n<td width=\"20%\"><\/td>\n<td width=\"20%\"><\/td>\n<\/tr>\n<\/tbody>\n<\/table>\n<p>Bei Nichtantritt werden die \u00dcbernachtungskosten abz\u00fcglich der Nebenkosten f\u00e4llig.<\/p>\n<p>Unter drei \u00dcbernachtungen Preis auf Anfrage.<\/p>\n<p>Anreise ab 15.00 Uhr<\/p>\n<p>Abreise bis 10.00 Uhr<\/p>\n<p>&nbsp;<\/p>\n","protected":false},"excerpt":{"rendered":"<p>Preise 1 Person 2 Personen 3 Personen 4 Personen Bis 4 \u00dcbernachtungen \u00a050,00 \u20ac 70,00 \u20ac 90,00 \u20ac \u00a0110,00 \u20ac Ab 5 \u00dcbernachtungen 45,00 \u20ac 64,00 \u20ac 83,00 \u20ac 102,00 \u20ac Endreinigung: 25,00 \u20ac Bei Nichtantritt werden die \u00dcbernachtungskosten abz\u00fcglich der Nebenkosten f\u00e4llig. Unter drei \u00dcbernachtungen Preis auf Anfrage. Anreise &#8230;<\/p>\n","protected":false},"author":3,"featured_media":0,"parent":0,"menu_order":0,"comment_status":"closed","ping_status":"closed","template":"","meta":{"footnotes":""},"class_list":["post-39","page","type-page","status-publish","hentry","column","twocol"],"_links":{"self":[{"href":"http:\/\/www.ferienwohnungaalen.de\/index.php?rest_route=\/wp\/v2\/pages\/39","targetHints":{"allow":["GET"]}}],"collection":[{"href":"http:\/\/www.ferienwohnungaalen.de\/index.php?rest_route=\/wp\/v2\/pages"}],"about":[{"href":"http:\/\/www.ferienwohnungaalen.de\/index.php?rest_route=\/wp\/v2\/types\/page"}],"author":[{"embeddable":true,"href":"http:\/\/www.ferienwohnungaalen.de\/index.php?rest_route=\/wp\/v2\/users\/3"}],"replies":[{"embeddable":true,"href":"http:\/\/www.ferienwohnungaalen.de\/index.php?rest_route=%2Fwp%2Fv2%2Fcomments&post=39"}],"version-history":[{"count":22,"href":"http:\/\/www.ferienwohnungaalen.de\/index.php?rest_route=\/wp\/v2\/pages\/39\/revisions"}],"predecessor-version":[{"id":322,"href":"http:\/\/www.ferienwohnungaalen.de\/index.php?rest_route=\/wp\/v2\/pages\/39\/revisions\/322"}],"wp:attachment":[{"href":"http:\/\/www.ferienwohnungaalen.de\/index.php?rest_route=%2Fwp%2Fv2%2Fmedia&parent=39"}],"curies":[{"name":"wp","href":"https:\/\/api.w.org\/{rel}","templated":true}]}}