{"id":41,"date":"2010-08-06T22:36:50","date_gmt":"2010-08-06T20:36:50","guid":{"rendered":"http:\/\/www.ferienwohnungaalen.de\/?page_id=41"},"modified":"2010-08-07T22:29:19","modified_gmt":"2010-08-07T20:29:19","slug":"anfahrt","status":"publish","type":"page","link":"http:\/\/www.ferienwohnungaalen.de\/?page_id=41","title":{"rendered":"Anfahrt"},"content":{"rendered":"<p>Steig\u00e4ckerstr. 36, 73433 Aalen, Deutschland<\/p>\n<p><iframe loading=\"lazy\" width=\"425\" height=\"350\" frameborder=\"0\" scrolling=\"no\" marginheight=\"0\" marginwidth=\"0\" src=\"http:\/\/maps.google.de\/maps?f=q&amp;source=s_q&amp;hl=de&amp;geocode=&amp;q=Steig%C3%A4ckerstra%C3%9Fe+36,+Aalen&amp;sll=51.151786,10.415039&amp;sspn=13.744729,39.506836&amp;ie=UTF8&amp;hq=&amp;hnear=Steig%C3%A4ckerstra%C3%9Fe+36,+Wasseralfingen+73433+Aalen,+Ostalbkreis,+Baden-W%C3%BCrttemberg&amp;ll=48.87237,10.10372&amp;spn=0.056247,0.154324&amp;z=13&amp;output=embed\"><\/iframe><br \/><small><a href=\"http:\/\/maps.google.de\/maps?f=q&amp;source=embed&amp;hl=de&amp;geocode=&amp;q=Steig%C3%A4ckerstra%C3%9Fe+36,+Aalen&amp;sll=51.151786,10.415039&amp;sspn=13.744729,39.506836&amp;ie=UTF8&amp;hq=&amp;hnear=Steig%C3%A4ckerstra%C3%9Fe+36,+Wasseralfingen+73433+Aalen,+Ostalbkreis,+Baden-W%C3%BCrttemberg&amp;ll=48.87237,10.10372&amp;spn=0.056247,0.154324&amp;z=13\" style=\"color:#0000FF;text-align:left\">Gr\u00f6\u00dfere Kartenansicht<\/a><\/small><\/p>\n","protected":false},"excerpt":{"rendered":"<p>Steig\u00e4ckerstr. 36, 73433 Aalen, Deutschland Gr\u00f6\u00dfere Kartenansicht<\/p>\n","protected":false},"author":3,"featured_media":0,"parent":0,"menu_order":0,"comment_status":"closed","ping_status":"closed","template":"","meta":{"footnotes":""},"class_list":["post-41","page","type-page","status-publish","hentry","column","twocol"],"_links":{"self":[{"href":"http:\/\/www.ferienwohnungaalen.de\/index.php?rest_route=\/wp\/v2\/pages\/41","targetHints":{"allow":["GET"]}}],"collection":[{"href":"http:\/\/www.ferienwohnungaalen.de\/index.php?rest_route=\/wp\/v2\/pages"}],"about":[{"href":"http:\/\/www.ferienwohnungaalen.de\/index.php?rest_route=\/wp\/v2\/types\/page"}],"author":[{"embeddable":true,"href":"http:\/\/www.ferienwohnungaalen.de\/index.php?rest_route=\/wp\/v2\/users\/3"}],"replies":[{"embeddable":true,"href":"http:\/\/www.ferienwohnungaalen.de\/index.php?rest_route=%2Fwp%2Fv2%2Fcomments&post=41"}],"version-history":[{"count":0,"href":"http:\/\/www.ferienwohnungaalen.de\/index.php?rest_route=\/wp\/v2\/pages\/41\/revisions"}],"wp:attachment":[{"href":"http:\/\/www.ferienwohnungaalen.de\/index.php?rest_route=%2Fwp%2Fv2%2Fmedia&parent=41"}],"curies":[{"name":"wp","href":"https:\/\/api.w.org\/{rel}","templated":true}]}}