{"id":62,"date":"2010-08-05T13:25:15","date_gmt":"2010-08-05T11:25:15","guid":{"rendered":"http:\/\/www.ferienwohnungaalen.de\/?page_id=62"},"modified":"2010-08-07T22:30:15","modified_gmt":"2010-08-07T20:30:15","slug":"aktivitaten-und-umgebung","status":"publish","type":"page","link":"http:\/\/www.ferienwohnungaalen.de\/?page_id=62","title":{"rendered":"Freizeit"},"content":{"rendered":"<p><span style=\"color: #000000;\"><span style=\"text-decoration: underline;\"><strong><span style=\"font-size: medium;\"> <\/span><\/strong><\/span><\/span><\/p>\n<h2>In der nahen Umgebung sind viele attraktive Ausflugsziele vorhanden<\/h2>\n<p><a href=\"http:\/\/www.aalen.de\/sixcms\/detail.php?id=1502&amp;template=d_aa_ein_sachgebiet&amp;_bereich=6\">Freibad<\/a> in Wasseralfingen<\/p>\n<p><a href=\"http:\/\/www.bergwerk-aalen.de\/sixcms\/detail.php?id=10760&amp;_bereich=1600\">Besucherbergwerk Tiefer Stollen<\/a> in Wasseralfingen mit Asthmatherapie<\/p>\n<p>In wenigen Minuten erreichen Sie <a href=\"http:\/\/www.aalen.de\/sixcms\/detail.php?template=d_aa_gl_startseite&amp;_bereich=6\">Aalen<\/a> mit seiner sch\u00f6nen Fu\u00dfg\u00e4ngerzone, Hallenbad, Freibad,\u00a0 Kunsteisbahn  usw.<\/p>\n<p><a href=\"http:\/\/www.limes-thermen.de\/index.php\">Thermalbad Limes-Thermen<\/a> in Aalen<\/p>\n<p><a href=\"http:\/\/www.museen-aalen.de\/sixcms\/detail.php?template=d_mu_start&amp;_bereich=1599\">Museumswelt<\/a> in Aalen<\/p>\n<p><a href=\"http:\/\/www.aalen.de\/sixcms\/detail.php?id=1474&amp;_bereich=6\">Touristikzentrale<\/a> in Aalen<\/p>\n","protected":false},"excerpt":{"rendered":"<p>In der nahen Umgebung sind viele attraktive Ausflugsziele vorhanden Freibad in Wasseralfingen Besucherbergwerk Tiefer Stollen in Wasseralfingen mit Asthmatherapie In wenigen Minuten erreichen Sie Aalen mit seiner sch\u00f6nen Fu\u00dfg\u00e4ngerzone, Hallenbad, Freibad,\u00a0 Kunsteisbahn usw. Thermalbad Limes-Thermen in Aalen Museumswelt in Aalen Touristikzentrale in Aalen<\/p>\n","protected":false},"author":3,"featured_media":0,"parent":0,"menu_order":0,"comment_status":"closed","ping_status":"closed","template":"","meta":{"footnotes":""},"class_list":["post-62","page","type-page","status-publish","hentry","column","twocol"],"_links":{"self":[{"href":"http:\/\/www.ferienwohnungaalen.de\/index.php?rest_route=\/wp\/v2\/pages\/62","targetHints":{"allow":["GET"]}}],"collection":[{"href":"http:\/\/www.ferienwohnungaalen.de\/index.php?rest_route=\/wp\/v2\/pages"}],"about":[{"href":"http:\/\/www.ferienwohnungaalen.de\/index.php?rest_route=\/wp\/v2\/types\/page"}],"author":[{"embeddable":true,"href":"http:\/\/www.ferienwohnungaalen.de\/index.php?rest_route=\/wp\/v2\/users\/3"}],"replies":[{"embeddable":true,"href":"http:\/\/www.ferienwohnungaalen.de\/index.php?rest_route=%2Fwp%2Fv2%2Fcomments&post=62"}],"version-history":[{"count":0,"href":"http:\/\/www.ferienwohnungaalen.de\/index.php?rest_route=\/wp\/v2\/pages\/62\/revisions"}],"wp:attachment":[{"href":"http:\/\/www.ferienwohnungaalen.de\/index.php?rest_route=%2Fwp%2Fv2%2Fmedia&parent=62"}],"curies":[{"name":"wp","href":"https:\/\/api.w.org\/{rel}","templated":true}]}}