{"id":79,"date":"2010-08-05T13:13:36","date_gmt":"2010-08-05T11:13:36","guid":{"rendered":"http:\/\/www.ferienwohnungaalen.de\/?page_id=79"},"modified":"2015-07-26T13:19:01","modified_gmt":"2015-07-26T11:19:01","slug":"kuche","status":"publish","type":"page","link":"http:\/\/www.ferienwohnungaalen.de\/?page_id=79","title":{"rendered":"K\u00fcche"},"content":{"rendered":"<p>In unserer modernen K\u00fcche verf\u00fcgen Sie \u00fcber folgende Elektroger\u00e4te:<\/p>\n<ul>\n<li>Cerankochfeld<\/li>\n<li>Mikrowelle<\/li>\n<li>Wasserkocher<\/li>\n<li>Kaffeemaschine<\/li>\n<li>K\u00fchlschrank<\/li>\n<li>Backofen<\/li>\n<li>Sp\u00fclmaschine<\/li>\n<\/ul>\n<p>Selbstverst\u00e4ndlich sind alle \u00fcblichen Kochutensilien vorhanden.<\/p>\n<div id='gallery-1' class='gallery galleryid-79 gallery-columns-3 gallery-size-medium'><figure class='gallery-item'>\n\t\t\t<div class='gallery-icon landscape'>\n\t\t\t\t<a rel='attachment' href='http:\/\/www.ferienwohnungaalen.de\/wp-content\/uploads\/2010\/08\/K\u00fcche3.jpg'><img loading=\"lazy\" decoding=\"async\" width=\"300\" height=\"225\" src=\"http:\/\/www.ferienwohnungaalen.de\/wp-content\/uploads\/2010\/08\/K\u00fcche3-300x225.jpg\" class=\"attachment-medium size-medium\" alt=\"\" srcset=\"http:\/\/www.ferienwohnungaalen.de\/wp-content\/uploads\/2010\/08\/K\u00fcche3-300x225.jpg 300w, http:\/\/www.ferienwohnungaalen.de\/wp-content\/uploads\/2010\/08\/K\u00fcche3-1024x768.jpg 1024w, http:\/\/www.ferienwohnungaalen.de\/wp-content\/uploads\/2010\/08\/K\u00fcche3-150x112.jpg 150w, http:\/\/www.ferienwohnungaalen.de\/wp-content\/uploads\/2010\/08\/K\u00fcche3-400x300.jpg 400w\" sizes=\"auto, (max-width: 300px) 100vw, 300px\" \/><\/a>\n\t\t\t<\/div><\/figure><figure class='gallery-item'>\n\t\t\t<div class='gallery-icon landscape'>\n\t\t\t\t<a rel='attachment' href='http:\/\/www.ferienwohnungaalen.de\/wp-content\/uploads\/2010\/08\/K\u00fcche1.jpg'><img loading=\"lazy\" decoding=\"async\" width=\"300\" height=\"225\" src=\"http:\/\/www.ferienwohnungaalen.de\/wp-content\/uploads\/2010\/08\/K\u00fcche1-300x225.jpg\" class=\"attachment-medium size-medium\" alt=\"\" srcset=\"http:\/\/www.ferienwohnungaalen.de\/wp-content\/uploads\/2010\/08\/K\u00fcche1-300x225.jpg 300w, http:\/\/www.ferienwohnungaalen.de\/wp-content\/uploads\/2010\/08\/K\u00fcche1-1024x768.jpg 1024w, http:\/\/www.ferienwohnungaalen.de\/wp-content\/uploads\/2010\/08\/K\u00fcche1-150x112.jpg 150w, http:\/\/www.ferienwohnungaalen.de\/wp-content\/uploads\/2010\/08\/K\u00fcche1-400x300.jpg 400w\" sizes=\"auto, (max-width: 300px) 100vw, 300px\" \/><\/a>\n\t\t\t<\/div><\/figure><figure class='gallery-item'>\n\t\t\t<div class='gallery-icon landscape'>\n\t\t\t\t<a rel='attachment' href='http:\/\/www.ferienwohnungaalen.de\/wp-content\/uploads\/2010\/08\/K\u00fcche2.jpg'><img loading=\"lazy\" decoding=\"async\" width=\"300\" height=\"225\" src=\"http:\/\/www.ferienwohnungaalen.de\/wp-content\/uploads\/2010\/08\/K\u00fcche2-300x225.jpg\" class=\"attachment-medium size-medium\" alt=\"\" srcset=\"http:\/\/www.ferienwohnungaalen.de\/wp-content\/uploads\/2010\/08\/K\u00fcche2-300x225.jpg 300w, http:\/\/www.ferienwohnungaalen.de\/wp-content\/uploads\/2010\/08\/K\u00fcche2-1024x768.jpg 1024w, http:\/\/www.ferienwohnungaalen.de\/wp-content\/uploads\/2010\/08\/K\u00fcche2-150x112.jpg 150w, http:\/\/www.ferienwohnungaalen.de\/wp-content\/uploads\/2010\/08\/K\u00fcche2-400x300.jpg 400w\" sizes=\"auto, (max-width: 300px) 100vw, 300px\" \/><\/a>\n\t\t\t<\/div><\/figure>\n\t\t<\/div>\n\n","protected":false},"excerpt":{"rendered":"<p>In unserer modernen K\u00fcche verf\u00fcgen Sie \u00fcber folgende Elektroger\u00e4te: Cerankochfeld Mikrowelle Wasserkocher Kaffeemaschine K\u00fchlschrank Backofen Sp\u00fclmaschine Selbstverst\u00e4ndlich sind alle \u00fcblichen Kochutensilien vorhanden.<\/p>\n","protected":false},"author":3,"featured_media":0,"parent":0,"menu_order":0,"comment_status":"closed","ping_status":"closed","template":"","meta":{"footnotes":""},"class_list":["post-79","page","type-page","status-publish","hentry","column","twocol"],"_links":{"self":[{"href":"http:\/\/www.ferienwohnungaalen.de\/index.php?rest_route=\/wp\/v2\/pages\/79","targetHints":{"allow":["GET"]}}],"collection":[{"href":"http:\/\/www.ferienwohnungaalen.de\/index.php?rest_route=\/wp\/v2\/pages"}],"about":[{"href":"http:\/\/www.ferienwohnungaalen.de\/index.php?rest_route=\/wp\/v2\/types\/page"}],"author":[{"embeddable":true,"href":"http:\/\/www.ferienwohnungaalen.de\/index.php?rest_route=\/wp\/v2\/users\/3"}],"replies":[{"embeddable":true,"href":"http:\/\/www.ferienwohnungaalen.de\/index.php?rest_route=%2Fwp%2Fv2%2Fcomments&post=79"}],"version-history":[{"count":1,"href":"http:\/\/www.ferienwohnungaalen.de\/index.php?rest_route=\/wp\/v2\/pages\/79\/revisions"}],"predecessor-version":[{"id":258,"href":"http:\/\/www.ferienwohnungaalen.de\/index.php?rest_route=\/wp\/v2\/pages\/79\/revisions\/258"}],"wp:attachment":[{"href":"http:\/\/www.ferienwohnungaalen.de\/index.php?rest_route=%2Fwp%2Fv2%2Fmedia&parent=79"}],"curies":[{"name":"wp","href":"https:\/\/api.w.org\/{rel}","templated":true}]}}