{"id":80,"date":"2010-08-05T13:14:26","date_gmt":"2010-08-05T11:14:26","guid":{"rendered":"http:\/\/www.ferienwohnungaalen.de\/?page_id=80"},"modified":"2015-07-26T09:40:02","modified_gmt":"2015-07-26T07:40:02","slug":"badezimmer","status":"publish","type":"page","link":"http:\/\/www.ferienwohnungaalen.de\/?page_id=80","title":{"rendered":"Badezimmer"},"content":{"rendered":"<p>Unser modernes, neu renoviertes Badezimmer mit Fenster verf\u00fcgt \u00fcber eine Dusche, Toilette, gro\u00dfen Waschtisch und eine Waschmaschine, die Sie gegen eine geringe Geb\u00fchr jederzeit benutzen k\u00f6nnen.<\/p>\n<div id='gallery-1' class='gallery galleryid-80 gallery-columns-2 gallery-size-medium'><figure class='gallery-item'>\n\t\t\t<div class='gallery-icon portrait'>\n\t\t\t\t<a rel='attachment' href='http:\/\/www.ferienwohnungaalen.de\/wp-content\/uploads\/2015\/07\/DSC07285.jpg'><img loading=\"lazy\" decoding=\"async\" width=\"225\" height=\"300\" src=\"http:\/\/www.ferienwohnungaalen.de\/wp-content\/uploads\/2015\/07\/DSC07285-225x300.jpg\" class=\"attachment-medium size-medium\" alt=\"\" srcset=\"http:\/\/www.ferienwohnungaalen.de\/wp-content\/uploads\/2015\/07\/DSC07285-225x300.jpg 225w, http:\/\/www.ferienwohnungaalen.de\/wp-content\/uploads\/2015\/07\/DSC07285-768x1024.jpg 768w, http:\/\/www.ferienwohnungaalen.de\/wp-content\/uploads\/2015\/07\/DSC07285-113x150.jpg 113w, http:\/\/www.ferienwohnungaalen.de\/wp-content\/uploads\/2015\/07\/DSC07285-400x533.jpg 400w, http:\/\/www.ferienwohnungaalen.de\/wp-content\/uploads\/2015\/07\/DSC07285.jpg 1536w\" sizes=\"auto, (max-width: 225px) 100vw, 225px\" \/><\/a>\n\t\t\t<\/div><\/figure><figure class='gallery-item'>\n\t\t\t<div class='gallery-icon landscape'>\n\t\t\t\t<a rel='attachment' href='http:\/\/www.ferienwohnungaalen.de\/wp-content\/uploads\/2015\/07\/DSC07287.jpg'><img loading=\"lazy\" decoding=\"async\" width=\"300\" height=\"225\" src=\"http:\/\/www.ferienwohnungaalen.de\/wp-content\/uploads\/2015\/07\/DSC07287-300x225.jpg\" class=\"attachment-medium size-medium\" alt=\"\" srcset=\"http:\/\/www.ferienwohnungaalen.de\/wp-content\/uploads\/2015\/07\/DSC07287-300x225.jpg 300w, http:\/\/www.ferienwohnungaalen.de\/wp-content\/uploads\/2015\/07\/DSC07287-1024x768.jpg 1024w, http:\/\/www.ferienwohnungaalen.de\/wp-content\/uploads\/2015\/07\/DSC07287-150x113.jpg 150w, http:\/\/www.ferienwohnungaalen.de\/wp-content\/uploads\/2015\/07\/DSC07287-400x300.jpg 400w, http:\/\/www.ferienwohnungaalen.de\/wp-content\/uploads\/2015\/07\/DSC07287.jpg 2048w\" sizes=\"auto, (max-width: 300px) 100vw, 300px\" \/><\/a>\n\t\t\t<\/div><\/figure><figure class='gallery-item'>\n\t\t\t<div class='gallery-icon portrait'>\n\t\t\t\t<a rel='attachment' href='http:\/\/www.ferienwohnungaalen.de\/wp-content\/uploads\/2015\/07\/DSC07291.jpg'><img loading=\"lazy\" decoding=\"async\" width=\"225\" height=\"300\" src=\"http:\/\/www.ferienwohnungaalen.de\/wp-content\/uploads\/2015\/07\/DSC07291-225x300.jpg\" class=\"attachment-medium size-medium\" alt=\"\" srcset=\"http:\/\/www.ferienwohnungaalen.de\/wp-content\/uploads\/2015\/07\/DSC07291-225x300.jpg 225w, http:\/\/www.ferienwohnungaalen.de\/wp-content\/uploads\/2015\/07\/DSC07291-768x1024.jpg 768w, http:\/\/www.ferienwohnungaalen.de\/wp-content\/uploads\/2015\/07\/DSC07291-113x150.jpg 113w, http:\/\/www.ferienwohnungaalen.de\/wp-content\/uploads\/2015\/07\/DSC07291-400x533.jpg 400w, http:\/\/www.ferienwohnungaalen.de\/wp-content\/uploads\/2015\/07\/DSC07291.jpg 1536w\" sizes=\"auto, (max-width: 225px) 100vw, 225px\" \/><\/a>\n\t\t\t<\/div><\/figure><figure class='gallery-item'>\n\t\t\t<div class='gallery-icon portrait'>\n\t\t\t\t<a rel='attachment' href='http:\/\/www.ferienwohnungaalen.de\/wp-content\/uploads\/2015\/07\/DSC07293.jpg'><img loading=\"lazy\" decoding=\"async\" width=\"225\" height=\"300\" src=\"http:\/\/www.ferienwohnungaalen.de\/wp-content\/uploads\/2015\/07\/DSC07293-225x300.jpg\" class=\"attachment-medium size-medium\" alt=\"\" srcset=\"http:\/\/www.ferienwohnungaalen.de\/wp-content\/uploads\/2015\/07\/DSC07293-225x300.jpg 225w, http:\/\/www.ferienwohnungaalen.de\/wp-content\/uploads\/2015\/07\/DSC07293-768x1024.jpg 768w, http:\/\/www.ferienwohnungaalen.de\/wp-content\/uploads\/2015\/07\/DSC07293-113x150.jpg 113w, http:\/\/www.ferienwohnungaalen.de\/wp-content\/uploads\/2015\/07\/DSC07293-400x533.jpg 400w, http:\/\/www.ferienwohnungaalen.de\/wp-content\/uploads\/2015\/07\/DSC07293.jpg 1536w\" sizes=\"auto, (max-width: 225px) 100vw, 225px\" \/><\/a>\n\t\t\t<\/div><\/figure>\n\t\t<\/div>\n\n","protected":false},"excerpt":{"rendered":"<p>Unser modernes, neu renoviertes Badezimmer mit Fenster verf\u00fcgt \u00fcber eine Dusche, Toilette, gro\u00dfen Waschtisch und eine Waschmaschine, die Sie gegen eine geringe Geb\u00fchr jederzeit benutzen k\u00f6nnen.<\/p>\n","protected":false},"author":3,"featured_media":0,"parent":0,"menu_order":0,"comment_status":"closed","ping_status":"closed","template":"","meta":{"footnotes":""},"class_list":["post-80","page","type-page","status-publish","hentry","column","twocol"],"_links":{"self":[{"href":"http:\/\/www.ferienwohnungaalen.de\/index.php?rest_route=\/wp\/v2\/pages\/80","targetHints":{"allow":["GET"]}}],"collection":[{"href":"http:\/\/www.ferienwohnungaalen.de\/index.php?rest_route=\/wp\/v2\/pages"}],"about":[{"href":"http:\/\/www.ferienwohnungaalen.de\/index.php?rest_route=\/wp\/v2\/types\/page"}],"author":[{"embeddable":true,"href":"http:\/\/www.ferienwohnungaalen.de\/index.php?rest_route=\/wp\/v2\/users\/3"}],"replies":[{"embeddable":true,"href":"http:\/\/www.ferienwohnungaalen.de\/index.php?rest_route=%2Fwp%2Fv2%2Fcomments&post=80"}],"version-history":[{"count":0,"href":"http:\/\/www.ferienwohnungaalen.de\/index.php?rest_route=\/wp\/v2\/pages\/80\/revisions"}],"wp:attachment":[{"href":"http:\/\/www.ferienwohnungaalen.de\/index.php?rest_route=%2Fwp%2Fv2%2Fmedia&parent=80"}],"curies":[{"name":"wp","href":"https:\/\/api.w.org\/{rel}","templated":true}]}}